{"id":1134,"date":"2022-10-07T07:10:28","date_gmt":"2022-10-07T07:10:28","guid":{"rendered":"https:\/\/lauraniubo.art\/nova\/obra\/reescriure\/"},"modified":"2022-11-30T14:04:18","modified_gmt":"2022-11-30T14:04:18","slug":"rewrite","status":"publish","type":"page","link":"https:\/\/lauraniubo.art\/en\/artworks\/rewrite\/","title":{"rendered":"Rewrite"},"content":{"rendered":"<p>Why stick to the first story? An object, an idea, a moment&#8230; Each instant can be a different story. Taking an object and converting it, giving it another meaning. The personal meaning everyone sees fit. Explaining a story from an object. An object that will explain one story to me and another to you.<\/p>\n<p>Over time and unconsciously we&#8217;re telling stories, stories that are our experiences, our emotions and the accumulation of experience that turns into wisdom.<\/p>\n","protected":false},"excerpt":{"rendered":"<p>Why stick to the first story? An object, an idea, a moment&#8230; Each instant can be a different story. Taking an object and converting it, giving it another meaning. The personal meaning everyone sees fit. Explaining a story from an object. An object that will explain one story to me and another to you. Over [&hellip;]<\/p>\n","protected":false},"author":1,"featured_media":0,"parent":1073,"menu_order":0,"comment_status":"closed","ping_status":"closed","template":"page-obres.php","meta":{"_acf_changed":false,"footnotes":""},"class_list":["post-1134","page","type-page","status-publish","hentry"],"acf":[],"yoast_head":"<!-- This site is optimized with the Yoast SEO plugin v24.2 - https:\/\/yoast.com\/wordpress\/plugins\/seo\/ -->\n<title>Rewrite - Laura Niub\u00f3 - Cer\u00e0mica<\/title>\n<meta name=\"robots\" content=\"index, follow, max-snippet:-1, max-image-preview:large, max-video-preview:-1\" \/>\n<link rel=\"canonical\" href=\"https:\/\/lauraniubo.art\/en\/artworks\/rewrite\/\" \/>\n<meta property=\"og:locale\" content=\"en_US\" \/>\n<meta property=\"og:type\" content=\"article\" \/>\n<meta property=\"og:title\" content=\"Rewrite - Laura Niub\u00f3 - Cer\u00e0mica\" \/>\n<meta property=\"og:description\" content=\"Why stick to the first story? An object, an idea, a moment&#8230; Each instant can be a different story. Taking an object and converting it, giving it another meaning. The personal meaning everyone sees fit. Explaining a story from an object. An object that will explain one story to me and another to you. Over [&hellip;]\" \/>\n<meta property=\"og:url\" content=\"https:\/\/lauraniubo.art\/en\/artworks\/rewrite\/\" \/>\n<meta property=\"og:site_name\" content=\"Laura Niub\u00f3 - Cer\u00e0mica\" \/>\n<meta property=\"article:modified_time\" content=\"2022-11-30T14:04:18+00:00\" \/>\n<meta name=\"twitter:card\" content=\"summary_large_image\" \/>\n<meta name=\"twitter:label1\" content=\"Est. reading time\" \/>\n\t<meta name=\"twitter:data1\" content=\"1 minute\" \/>\n<script type=\"application\/ld+json\" class=\"yoast-schema-graph\">{\"@context\":\"https:\/\/schema.org\",\"@graph\":[{\"@type\":\"WebPage\",\"@id\":\"https:\/\/lauraniubo.art\/en\/artworks\/rewrite\/\",\"url\":\"https:\/\/lauraniubo.art\/en\/artworks\/rewrite\/\",\"name\":\"Rewrite - Laura Niub\u00f3 - Cer\u00e0mica\",\"isPartOf\":{\"@id\":\"https:\/\/lauraniubo.art\/#website\"},\"datePublished\":\"2022-10-07T07:10:28+00:00\",\"dateModified\":\"2022-11-30T14:04:18+00:00\",\"breadcrumb\":{\"@id\":\"https:\/\/lauraniubo.art\/en\/artworks\/rewrite\/#breadcrumb\"},\"inLanguage\":\"en-US\",\"potentialAction\":[{\"@type\":\"ReadAction\",\"target\":[\"https:\/\/lauraniubo.art\/en\/artworks\/rewrite\/\"]}]},{\"@type\":\"BreadcrumbList\",\"@id\":\"https:\/\/lauraniubo.art\/en\/artworks\/rewrite\/#breadcrumb\",\"itemListElement\":[{\"@type\":\"ListItem\",\"position\":1,\"name\":\"Inici\",\"item\":\"https:\/\/lauraniubo.art\/en\/\"},{\"@type\":\"ListItem\",\"position\":2,\"name\":\"Artworks\",\"item\":\"https:\/\/lauraniubo.art\/en\/artworks\/\"},{\"@type\":\"ListItem\",\"position\":3,\"name\":\"Rewrite\"}]},{\"@type\":\"WebSite\",\"@id\":\"https:\/\/lauraniubo.art\/#website\",\"url\":\"https:\/\/lauraniubo.art\/\",\"name\":\"Laura Niub\u00f3 - Cer\u00e0mica\",\"description\":\"Cer\u00e0mica\",\"potentialAction\":[{\"@type\":\"SearchAction\",\"target\":{\"@type\":\"EntryPoint\",\"urlTemplate\":\"https:\/\/lauraniubo.art\/?s={search_term_string}\"},\"query-input\":{\"@type\":\"PropertyValueSpecification\",\"valueRequired\":true,\"valueName\":\"search_term_string\"}}],\"inLanguage\":\"en-US\"}]}<\/script>\n<!-- \/ Yoast SEO plugin. -->","yoast_head_json":{"title":"Rewrite - Laura Niub\u00f3 - Cer\u00e0mica","robots":{"index":"index","follow":"follow","max-snippet":"max-snippet:-1","max-image-preview":"max-image-preview:large","max-video-preview":"max-video-preview:-1"},"canonical":"https:\/\/lauraniubo.art\/en\/artworks\/rewrite\/","og_locale":"en_US","og_type":"article","og_title":"Rewrite - Laura Niub\u00f3 - Cer\u00e0mica","og_description":"Why stick to the first story? An object, an idea, a moment&#8230; Each instant can be a different story. Taking an object and converting it, giving it another meaning. The personal meaning everyone sees fit. Explaining a story from an object. An object that will explain one story to me and another to you. Over [&hellip;]","og_url":"https:\/\/lauraniubo.art\/en\/artworks\/rewrite\/","og_site_name":"Laura Niub\u00f3 - Cer\u00e0mica","article_modified_time":"2022-11-30T14:04:18+00:00","twitter_card":"summary_large_image","twitter_misc":{"Est. reading time":"1 minute"},"schema":{"@context":"https:\/\/schema.org","@graph":[{"@type":"WebPage","@id":"https:\/\/lauraniubo.art\/en\/artworks\/rewrite\/","url":"https:\/\/lauraniubo.art\/en\/artworks\/rewrite\/","name":"Rewrite - Laura Niub\u00f3 - Cer\u00e0mica","isPartOf":{"@id":"https:\/\/lauraniubo.art\/#website"},"datePublished":"2022-10-07T07:10:28+00:00","dateModified":"2022-11-30T14:04:18+00:00","breadcrumb":{"@id":"https:\/\/lauraniubo.art\/en\/artworks\/rewrite\/#breadcrumb"},"inLanguage":"en-US","potentialAction":[{"@type":"ReadAction","target":["https:\/\/lauraniubo.art\/en\/artworks\/rewrite\/"]}]},{"@type":"BreadcrumbList","@id":"https:\/\/lauraniubo.art\/en\/artworks\/rewrite\/#breadcrumb","itemListElement":[{"@type":"ListItem","position":1,"name":"Inici","item":"https:\/\/lauraniubo.art\/en\/"},{"@type":"ListItem","position":2,"name":"Artworks","item":"https:\/\/lauraniubo.art\/en\/artworks\/"},{"@type":"ListItem","position":3,"name":"Rewrite"}]},{"@type":"WebSite","@id":"https:\/\/lauraniubo.art\/#website","url":"https:\/\/lauraniubo.art\/","name":"Laura Niub\u00f3 - Cer\u00e0mica","description":"Cer\u00e0mica","potentialAction":[{"@type":"SearchAction","target":{"@type":"EntryPoint","urlTemplate":"https:\/\/lauraniubo.art\/?s={search_term_string}"},"query-input":{"@type":"PropertyValueSpecification","valueRequired":true,"valueName":"search_term_string"}}],"inLanguage":"en-US"}]}},"_links":{"self":[{"href":"https:\/\/lauraniubo.art\/en\/wp-json\/wp\/v2\/pages\/1134","targetHints":{"allow":["GET"]}}],"collection":[{"href":"https:\/\/lauraniubo.art\/en\/wp-json\/wp\/v2\/pages"}],"about":[{"href":"https:\/\/lauraniubo.art\/en\/wp-json\/wp\/v2\/types\/page"}],"author":[{"embeddable":true,"href":"https:\/\/lauraniubo.art\/en\/wp-json\/wp\/v2\/users\/1"}],"replies":[{"embeddable":true,"href":"https:\/\/lauraniubo.art\/en\/wp-json\/wp\/v2\/comments?post=1134"}],"version-history":[{"count":4,"href":"https:\/\/lauraniubo.art\/en\/wp-json\/wp\/v2\/pages\/1134\/revisions"}],"predecessor-version":[{"id":1278,"href":"https:\/\/lauraniubo.art\/en\/wp-json\/wp\/v2\/pages\/1134\/revisions\/1278"}],"up":[{"embeddable":true,"href":"https:\/\/lauraniubo.art\/en\/wp-json\/wp\/v2\/pages\/1073"}],"wp:attachment":[{"href":"https:\/\/lauraniubo.art\/en\/wp-json\/wp\/v2\/media?parent=1134"}],"curies":[{"name":"wp","href":"https:\/\/api.w.org\/{rel}","templated":true}]}}