{"id":1513,"date":"2022-12-01T12:05:26","date_gmt":"2022-12-01T12:05:26","guid":{"rendered":"https:\/\/lauraniubo.art\/nova\/artworks\/identitat\/"},"modified":"2022-12-01T12:59:45","modified_gmt":"2022-12-01T12:59:45","slug":"identity","status":"publish","type":"page","link":"https:\/\/lauraniubo.art\/en\/artworks\/identity\/","title":{"rendered":"Identity"},"content":{"rendered":"<p>Identity forged with time, the experiences and the people accompanying them along her way. This identity is unique and only belongs to oneself, not to society, which is becoming less and less human, nor those who we find along our path; otherwise, nothing would make sense any more, because then even our thoughts would not be ours. It doesn&#8217;t matter being equal or different to others, what matters is to know who you are.<\/p>\n<p>For six months, I have had my workshop open to anyone who voluntarily wanted to participate. From an egg-shaped piece (symbolism of a new birth) each participant released their creativity, their thinking,&#8230; They were simply themselves, creating their own work. It was very interesting to see the different reactions they had, for some people it was the first time they had stood in front of a piece of clay, others already has some experience, some improvised, others had a clear idea of what they wanted, even some people saying &#8220;I imagine it with a candle, hanging from a branch&#8230;&#8221; And so I assembled likewise, respecting their decisions and their individual personality.<\/p>\n<p>It is thanks to all those people who have made it possible for the IDENTITY PROJECT to be realized. The result has been 42 pieces and the participation of 49 people aged between 9 months and 70 years.<\/p>\n","protected":false},"excerpt":{"rendered":"<p>Identity forged with time, the experiences and the people accompanying them along her way. This identity is unique and only belongs to oneself, not to society, which is becoming less and less human, nor those who we find along our path; otherwise, nothing would make sense any more, because then even our thoughts would not [&hellip;]<\/p>\n","protected":false},"author":1,"featured_media":0,"parent":1073,"menu_order":0,"comment_status":"closed","ping_status":"closed","template":"page-obres.php","meta":{"_acf_changed":false,"footnotes":""},"class_list":["post-1513","page","type-page","status-publish","hentry"],"acf":[],"yoast_head":"<!-- This site is optimized with the Yoast SEO plugin v24.2 - https:\/\/yoast.com\/wordpress\/plugins\/seo\/ -->\n<title>Identity - Laura Niub\u00f3 - Cer\u00e0mica<\/title>\n<meta name=\"robots\" content=\"index, follow, max-snippet:-1, max-image-preview:large, max-video-preview:-1\" \/>\n<link rel=\"canonical\" href=\"https:\/\/lauraniubo.art\/en\/artworks\/identity\/\" \/>\n<meta property=\"og:locale\" content=\"en_US\" \/>\n<meta property=\"og:type\" content=\"article\" \/>\n<meta property=\"og:title\" content=\"Identity - Laura Niub\u00f3 - Cer\u00e0mica\" \/>\n<meta property=\"og:description\" content=\"Identity forged with time, the experiences and the people accompanying them along her way. This identity is unique and only belongs to oneself, not to society, which is becoming less and less human, nor those who we find along our path; otherwise, nothing would make sense any more, because then even our thoughts would not [&hellip;]\" \/>\n<meta property=\"og:url\" content=\"https:\/\/lauraniubo.art\/en\/artworks\/identity\/\" \/>\n<meta property=\"og:site_name\" content=\"Laura Niub\u00f3 - Cer\u00e0mica\" \/>\n<meta property=\"article:modified_time\" content=\"2022-12-01T12:59:45+00:00\" \/>\n<meta name=\"twitter:card\" content=\"summary_large_image\" \/>\n<meta name=\"twitter:label1\" content=\"Est. reading time\" \/>\n\t<meta name=\"twitter:data1\" content=\"2 minutes\" \/>\n<script type=\"application\/ld+json\" class=\"yoast-schema-graph\">{\"@context\":\"https:\/\/schema.org\",\"@graph\":[{\"@type\":\"WebPage\",\"@id\":\"https:\/\/lauraniubo.art\/en\/artworks\/identity\/\",\"url\":\"https:\/\/lauraniubo.art\/en\/artworks\/identity\/\",\"name\":\"Identity - Laura Niub\u00f3 - Cer\u00e0mica\",\"isPartOf\":{\"@id\":\"https:\/\/lauraniubo.art\/#website\"},\"datePublished\":\"2022-12-01T12:05:26+00:00\",\"dateModified\":\"2022-12-01T12:59:45+00:00\",\"breadcrumb\":{\"@id\":\"https:\/\/lauraniubo.art\/en\/artworks\/identity\/#breadcrumb\"},\"inLanguage\":\"en-US\",\"potentialAction\":[{\"@type\":\"ReadAction\",\"target\":[\"https:\/\/lauraniubo.art\/en\/artworks\/identity\/\"]}]},{\"@type\":\"BreadcrumbList\",\"@id\":\"https:\/\/lauraniubo.art\/en\/artworks\/identity\/#breadcrumb\",\"itemListElement\":[{\"@type\":\"ListItem\",\"position\":1,\"name\":\"Inici\",\"item\":\"https:\/\/lauraniubo.art\/en\/\"},{\"@type\":\"ListItem\",\"position\":2,\"name\":\"Artworks\",\"item\":\"https:\/\/lauraniubo.art\/en\/artworks\/\"},{\"@type\":\"ListItem\",\"position\":3,\"name\":\"Identity\"}]},{\"@type\":\"WebSite\",\"@id\":\"https:\/\/lauraniubo.art\/#website\",\"url\":\"https:\/\/lauraniubo.art\/\",\"name\":\"Laura Niub\u00f3 - Cer\u00e0mica\",\"description\":\"Cer\u00e0mica\",\"potentialAction\":[{\"@type\":\"SearchAction\",\"target\":{\"@type\":\"EntryPoint\",\"urlTemplate\":\"https:\/\/lauraniubo.art\/?s={search_term_string}\"},\"query-input\":{\"@type\":\"PropertyValueSpecification\",\"valueRequired\":true,\"valueName\":\"search_term_string\"}}],\"inLanguage\":\"en-US\"}]}<\/script>\n<!-- \/ Yoast SEO plugin. -->","yoast_head_json":{"title":"Identity - Laura Niub\u00f3 - Cer\u00e0mica","robots":{"index":"index","follow":"follow","max-snippet":"max-snippet:-1","max-image-preview":"max-image-preview:large","max-video-preview":"max-video-preview:-1"},"canonical":"https:\/\/lauraniubo.art\/en\/artworks\/identity\/","og_locale":"en_US","og_type":"article","og_title":"Identity - Laura Niub\u00f3 - Cer\u00e0mica","og_description":"Identity forged with time, the experiences and the people accompanying them along her way. This identity is unique and only belongs to oneself, not to society, which is becoming less and less human, nor those who we find along our path; otherwise, nothing would make sense any more, because then even our thoughts would not [&hellip;]","og_url":"https:\/\/lauraniubo.art\/en\/artworks\/identity\/","og_site_name":"Laura Niub\u00f3 - Cer\u00e0mica","article_modified_time":"2022-12-01T12:59:45+00:00","twitter_card":"summary_large_image","twitter_misc":{"Est. reading time":"2 minutes"},"schema":{"@context":"https:\/\/schema.org","@graph":[{"@type":"WebPage","@id":"https:\/\/lauraniubo.art\/en\/artworks\/identity\/","url":"https:\/\/lauraniubo.art\/en\/artworks\/identity\/","name":"Identity - Laura Niub\u00f3 - Cer\u00e0mica","isPartOf":{"@id":"https:\/\/lauraniubo.art\/#website"},"datePublished":"2022-12-01T12:05:26+00:00","dateModified":"2022-12-01T12:59:45+00:00","breadcrumb":{"@id":"https:\/\/lauraniubo.art\/en\/artworks\/identity\/#breadcrumb"},"inLanguage":"en-US","potentialAction":[{"@type":"ReadAction","target":["https:\/\/lauraniubo.art\/en\/artworks\/identity\/"]}]},{"@type":"BreadcrumbList","@id":"https:\/\/lauraniubo.art\/en\/artworks\/identity\/#breadcrumb","itemListElement":[{"@type":"ListItem","position":1,"name":"Inici","item":"https:\/\/lauraniubo.art\/en\/"},{"@type":"ListItem","position":2,"name":"Artworks","item":"https:\/\/lauraniubo.art\/en\/artworks\/"},{"@type":"ListItem","position":3,"name":"Identity"}]},{"@type":"WebSite","@id":"https:\/\/lauraniubo.art\/#website","url":"https:\/\/lauraniubo.art\/","name":"Laura Niub\u00f3 - Cer\u00e0mica","description":"Cer\u00e0mica","potentialAction":[{"@type":"SearchAction","target":{"@type":"EntryPoint","urlTemplate":"https:\/\/lauraniubo.art\/?s={search_term_string}"},"query-input":{"@type":"PropertyValueSpecification","valueRequired":true,"valueName":"search_term_string"}}],"inLanguage":"en-US"}]}},"_links":{"self":[{"href":"https:\/\/lauraniubo.art\/en\/wp-json\/wp\/v2\/pages\/1513","targetHints":{"allow":["GET"]}}],"collection":[{"href":"https:\/\/lauraniubo.art\/en\/wp-json\/wp\/v2\/pages"}],"about":[{"href":"https:\/\/lauraniubo.art\/en\/wp-json\/wp\/v2\/types\/page"}],"author":[{"embeddable":true,"href":"https:\/\/lauraniubo.art\/en\/wp-json\/wp\/v2\/users\/1"}],"replies":[{"embeddable":true,"href":"https:\/\/lauraniubo.art\/en\/wp-json\/wp\/v2\/comments?post=1513"}],"version-history":[{"count":2,"href":"https:\/\/lauraniubo.art\/en\/wp-json\/wp\/v2\/pages\/1513\/revisions"}],"predecessor-version":[{"id":1515,"href":"https:\/\/lauraniubo.art\/en\/wp-json\/wp\/v2\/pages\/1513\/revisions\/1515"}],"up":[{"embeddable":true,"href":"https:\/\/lauraniubo.art\/en\/wp-json\/wp\/v2\/pages\/1073"}],"wp:attachment":[{"href":"https:\/\/lauraniubo.art\/en\/wp-json\/wp\/v2\/media?parent=1513"}],"curies":[{"name":"wp","href":"https:\/\/api.w.org\/{rel}","templated":true}]}}