{"id":1517,"date":"2022-12-01T12:05:26","date_gmt":"2022-12-01T12:05:26","guid":{"rendered":"https:\/\/lauraniubo.art\/nova\/obra\/identitat\/"},"modified":"2022-12-01T13:01:35","modified_gmt":"2022-12-01T13:01:35","slug":"identidad","status":"publish","type":"page","link":"https:\/\/lauraniubo.art\/es\/obra\/identidad\/","title":{"rendered":"Identidad"},"content":{"rendered":"<p>Identidad forjada con el tiempo, las vivencias y la gente que la acompa\u00f1a a lo largo de su camino. Esta identidad es \u00fanica y tan solo pertenece a un\/a mismo\/a, ni a la sociedad, cada vez menos humana, ni a quienes encontramos a lo largo de nuestro camino; si no fuera de este modo ya nada tendr\u00eda sentido, porque entonces, ni siquiera nuestros pensamientos ser\u00edan nuestros. No importa ser igual o diferente al resto de personas, lo que importa es saber qui\u00e9n se es.<\/p>\n<p>Durante seis meses he tenido mi taller abierto a cualquier persona que de forma voluntaria haya querido participar. A partir de una pieza en forma de huevo (simbolismo de un nuevo nacimiento) cada participante dejaba ir su creatividad, pensamiento,&#8230; simplemente, eran ellos mismos creando su propia obra. Ha estado muy interesante las diferentes reacciones que ten\u00edan cada uno de ellos, hab\u00eda personas que era la primera vez que se pon\u00edan ante un trozo de barro, otros ya hab\u00edan hecho algo, unos improvisando, otros con una idea clara de lo que quer\u00edan, incluso algunos dec\u00edan \u00abme lo imagino con una vela, colgando de una rama&#8230;\u00bb Y as\u00ed se los hizo el montaje, respetando sus decisiones y su personalidad individual.<\/p>\n<p>Gracias a todas las personas que de manera desinteresada han hecho posible que el PROYECTO IDENTIDAD se pudiera realizar. El resultado ha estado de 42 piezas y con la participaci\u00f3n de 49 personas de edades comprendidas entre 9 meses y 70 a\u00f1os.<\/p>\n","protected":false},"excerpt":{"rendered":"<p>Identidad forjada con el tiempo, las vivencias y la gente que la acompa\u00f1a a lo largo de su camino. Esta identidad es \u00fanica y tan solo pertenece a un\/a mismo\/a, ni a la sociedad, cada vez menos humana, ni a quienes encontramos a lo largo de nuestro camino; si no fuera de este modo ya [&hellip;]<\/p>\n","protected":false},"author":1,"featured_media":0,"parent":1074,"menu_order":0,"comment_status":"closed","ping_status":"closed","template":"page-obres.php","meta":{"_acf_changed":false,"footnotes":""},"class_list":["post-1517","page","type-page","status-publish","hentry"],"acf":[],"yoast_head":"<!-- This site is optimized with the Yoast SEO plugin v24.2 - https:\/\/yoast.com\/wordpress\/plugins\/seo\/ -->\n<title>Identidad - Laura Niub\u00f3 - Cer\u00e0mica<\/title>\n<meta name=\"robots\" content=\"index, follow, max-snippet:-1, max-image-preview:large, max-video-preview:-1\" \/>\n<link rel=\"canonical\" href=\"https:\/\/lauraniubo.art\/es\/obra\/identidad\/\" \/>\n<meta property=\"og:locale\" content=\"es_ES\" \/>\n<meta property=\"og:type\" content=\"article\" \/>\n<meta property=\"og:title\" content=\"Identidad - Laura Niub\u00f3 - Cer\u00e0mica\" \/>\n<meta property=\"og:description\" content=\"Identidad forjada con el tiempo, las vivencias y la gente que la acompa\u00f1a a lo largo de su camino. Esta identidad es \u00fanica y tan solo pertenece a un\/a mismo\/a, ni a la sociedad, cada vez menos humana, ni a quienes encontramos a lo largo de nuestro camino; si no fuera de este modo ya [&hellip;]\" \/>\n<meta property=\"og:url\" content=\"https:\/\/lauraniubo.art\/es\/obra\/identidad\/\" \/>\n<meta property=\"og:site_name\" content=\"Laura Niub\u00f3 - Cer\u00e0mica\" \/>\n<meta property=\"article:modified_time\" content=\"2022-12-01T13:01:35+00:00\" \/>\n<meta name=\"twitter:card\" content=\"summary_large_image\" \/>\n<meta name=\"twitter:label1\" content=\"Tiempo de lectura\" \/>\n\t<meta name=\"twitter:data1\" content=\"2 minutos\" \/>\n<script type=\"application\/ld+json\" class=\"yoast-schema-graph\">{\"@context\":\"https:\/\/schema.org\",\"@graph\":[{\"@type\":\"WebPage\",\"@id\":\"https:\/\/lauraniubo.art\/es\/obra\/identidad\/\",\"url\":\"https:\/\/lauraniubo.art\/es\/obra\/identidad\/\",\"name\":\"Identidad - Laura Niub\u00f3 - Cer\u00e0mica\",\"isPartOf\":{\"@id\":\"https:\/\/lauraniubo.art\/#website\"},\"datePublished\":\"2022-12-01T12:05:26+00:00\",\"dateModified\":\"2022-12-01T13:01:35+00:00\",\"breadcrumb\":{\"@id\":\"https:\/\/lauraniubo.art\/es\/obra\/identidad\/#breadcrumb\"},\"inLanguage\":\"es\",\"potentialAction\":[{\"@type\":\"ReadAction\",\"target\":[\"https:\/\/lauraniubo.art\/es\/obra\/identidad\/\"]}]},{\"@type\":\"BreadcrumbList\",\"@id\":\"https:\/\/lauraniubo.art\/es\/obra\/identidad\/#breadcrumb\",\"itemListElement\":[{\"@type\":\"ListItem\",\"position\":1,\"name\":\"Inici\",\"item\":\"https:\/\/lauraniubo.art\/es\/\"},{\"@type\":\"ListItem\",\"position\":2,\"name\":\"Obra\",\"item\":\"https:\/\/lauraniubo.art\/es\/obra\/\"},{\"@type\":\"ListItem\",\"position\":3,\"name\":\"Identidad\"}]},{\"@type\":\"WebSite\",\"@id\":\"https:\/\/lauraniubo.art\/#website\",\"url\":\"https:\/\/lauraniubo.art\/\",\"name\":\"Laura Niub\u00f3 - Cer\u00e0mica\",\"description\":\"Cer\u00e0mica\",\"potentialAction\":[{\"@type\":\"SearchAction\",\"target\":{\"@type\":\"EntryPoint\",\"urlTemplate\":\"https:\/\/lauraniubo.art\/?s={search_term_string}\"},\"query-input\":{\"@type\":\"PropertyValueSpecification\",\"valueRequired\":true,\"valueName\":\"search_term_string\"}}],\"inLanguage\":\"es\"}]}<\/script>\n<!-- \/ Yoast SEO plugin. -->","yoast_head_json":{"title":"Identidad - Laura Niub\u00f3 - Cer\u00e0mica","robots":{"index":"index","follow":"follow","max-snippet":"max-snippet:-1","max-image-preview":"max-image-preview:large","max-video-preview":"max-video-preview:-1"},"canonical":"https:\/\/lauraniubo.art\/es\/obra\/identidad\/","og_locale":"es_ES","og_type":"article","og_title":"Identidad - Laura Niub\u00f3 - Cer\u00e0mica","og_description":"Identidad forjada con el tiempo, las vivencias y la gente que la acompa\u00f1a a lo largo de su camino. Esta identidad es \u00fanica y tan solo pertenece a un\/a mismo\/a, ni a la sociedad, cada vez menos humana, ni a quienes encontramos a lo largo de nuestro camino; si no fuera de este modo ya [&hellip;]","og_url":"https:\/\/lauraniubo.art\/es\/obra\/identidad\/","og_site_name":"Laura Niub\u00f3 - Cer\u00e0mica","article_modified_time":"2022-12-01T13:01:35+00:00","twitter_card":"summary_large_image","twitter_misc":{"Tiempo de lectura":"2 minutos"},"schema":{"@context":"https:\/\/schema.org","@graph":[{"@type":"WebPage","@id":"https:\/\/lauraniubo.art\/es\/obra\/identidad\/","url":"https:\/\/lauraniubo.art\/es\/obra\/identidad\/","name":"Identidad - Laura Niub\u00f3 - Cer\u00e0mica","isPartOf":{"@id":"https:\/\/lauraniubo.art\/#website"},"datePublished":"2022-12-01T12:05:26+00:00","dateModified":"2022-12-01T13:01:35+00:00","breadcrumb":{"@id":"https:\/\/lauraniubo.art\/es\/obra\/identidad\/#breadcrumb"},"inLanguage":"es","potentialAction":[{"@type":"ReadAction","target":["https:\/\/lauraniubo.art\/es\/obra\/identidad\/"]}]},{"@type":"BreadcrumbList","@id":"https:\/\/lauraniubo.art\/es\/obra\/identidad\/#breadcrumb","itemListElement":[{"@type":"ListItem","position":1,"name":"Inici","item":"https:\/\/lauraniubo.art\/es\/"},{"@type":"ListItem","position":2,"name":"Obra","item":"https:\/\/lauraniubo.art\/es\/obra\/"},{"@type":"ListItem","position":3,"name":"Identidad"}]},{"@type":"WebSite","@id":"https:\/\/lauraniubo.art\/#website","url":"https:\/\/lauraniubo.art\/","name":"Laura Niub\u00f3 - Cer\u00e0mica","description":"Cer\u00e0mica","potentialAction":[{"@type":"SearchAction","target":{"@type":"EntryPoint","urlTemplate":"https:\/\/lauraniubo.art\/?s={search_term_string}"},"query-input":{"@type":"PropertyValueSpecification","valueRequired":true,"valueName":"search_term_string"}}],"inLanguage":"es"}]}},"_links":{"self":[{"href":"https:\/\/lauraniubo.art\/es\/wp-json\/wp\/v2\/pages\/1517","targetHints":{"allow":["GET"]}}],"collection":[{"href":"https:\/\/lauraniubo.art\/es\/wp-json\/wp\/v2\/pages"}],"about":[{"href":"https:\/\/lauraniubo.art\/es\/wp-json\/wp\/v2\/types\/page"}],"author":[{"embeddable":true,"href":"https:\/\/lauraniubo.art\/es\/wp-json\/wp\/v2\/users\/1"}],"replies":[{"embeddable":true,"href":"https:\/\/lauraniubo.art\/es\/wp-json\/wp\/v2\/comments?post=1517"}],"version-history":[{"count":1,"href":"https:\/\/lauraniubo.art\/es\/wp-json\/wp\/v2\/pages\/1517\/revisions"}],"predecessor-version":[{"id":1518,"href":"https:\/\/lauraniubo.art\/es\/wp-json\/wp\/v2\/pages\/1517\/revisions\/1518"}],"up":[{"embeddable":true,"href":"https:\/\/lauraniubo.art\/es\/wp-json\/wp\/v2\/pages\/1074"}],"wp:attachment":[{"href":"https:\/\/lauraniubo.art\/es\/wp-json\/wp\/v2\/media?parent=1517"}],"curies":[{"name":"wp","href":"https:\/\/api.w.org\/{rel}","templated":true}]}}